{"id":280,"date":"2023-06-07T20:59:33","date_gmt":"2023-06-07T20:59:33","guid":{"rendered":"https:\/\/retribute.iesazorin.com\/?page_id=280"},"modified":"2023-07-06T08:02:44","modified_gmt":"2023-07-06T08:02:44","slug":"petrer-june-2023","status":"publish","type":"page","link":"https:\/\/retribute.iesazorin.com\/index.php\/petrer-june-2023\/","title":{"rendered":"Petrer, June 2023"},"content":{"rendered":"\n<figure class=\"wp-block-gallery has-nested-images columns-default is-cropped wp-block-gallery-1 is-layout-flex\">\n<figure class=\"wp-block-image size-large\"><img decoding=\"async\" loading=\"lazy\" width=\"1024\" height=\"768\" data-id=\"345\"  src=\"https:\/\/retribute.iesazorin.com\/wp-content\/uploads\/2023\/07\/IMG_20230630_111208-1024x768.jpg\" alt=\"\" class=\"wp-image-345\" srcset=\"https:\/\/retribute.iesazorin.com\/wp-content\/uploads\/2023\/07\/IMG_20230630_111208-1024x768.jpg 1024w, https:\/\/retribute.iesazorin.com\/wp-content\/uploads\/2023\/07\/IMG_20230630_111208-300x225.jpg 300w, https:\/\/retribute.iesazorin.com\/wp-content\/uploads\/2023\/07\/IMG_20230630_111208-768x576.jpg 768w, https:\/\/retribute.iesazorin.com\/wp-content\/uploads\/2023\/07\/IMG_20230630_111208-1536x1152.jpg 1536w, https:\/\/retribute.iesazorin.com\/wp-content\/uploads\/2023\/07\/IMG_20230630_111208-2048x1536.jpg 2048w, https:\/\/retribute.iesazorin.com\/wp-content\/uploads\/2023\/07\/IMG_20230630_111208-467x350.jpg 467w, https:\/\/retribute.iesazorin.com\/wp-content\/uploads\/2023\/07\/IMG_20230630_111208-150x113.jpg 150w\" sizes=\"(max-width: 1024px) 100vw, 1024px\" \/><\/figure>\n<\/figure>\n\n\n\n<p>Teacher Mobility. Erasmus+ Project #rEtribUte<\/p>\n\n\n\n<p>Between 28 and 30 June 2023 we carried out the final teacher mobility of the Erasmus+ project rEtribUte, coordinated by IES Azor\u00edn and involving its partners: Thomas-Mann Gymnasium in Berlin and Egri P\u00e1sztorv\u00f6lgyi Altal\u00e1nos Iskola \u00e9s Gimn\u00e1zium in Eger (Hungary). The mobility included the participation of two German teachers and four Hungarian teachers, as well as the teachers from IES Azor\u00edn who are part of the Erasmus+ team at the institute. We had the opportunity to combine work with some cultural and institutional visits in both Elda and Petre<\/p>\n\n\n\n<p>The German and Hungarian teachers enjoyed a guided tour of the Shoe Museum in Elda, <a href=\"https:\/\/www.museocalzado.com\/\" target=\"_blank\" rel=\"noreferrer noopener\">https:\/\/www.museocalzado.com\/<\/a> an essential institution to understand the history of one of the key sectors in the region&#8217;s industry and the lives of various local generations, in line with the contents studied in the project. They also visited the Castelar Theater in Elda, another cultural landmark in the history of Elda, <a href=\"https:\/\/es.wikipedia.org\/wiki\/Teatro_Castelar\" target=\"_blank\" rel=\"noreferrer noopener\">https:\/\/es.wikipedia.org\/wiki\/Teatro_Castelar<\/a>. On Friday the 30th, all the teachers involved in rEtribUte were received by the mayor of Petrer, wh listened to their progress over the course of three years of work.<\/p>\n\n\n\n<p>The work sessions were focused on coordinating different aspects related to the project&#8217;s closure, such as sharing materials that will be included on the project&#8217;s website, <a href=\"https:\/\/retribute.iesazorin.com\/\" target=\"_blank\" rel=\"noreferrer noopener\">https:\/\/retribute.iesazorin.com\/<\/a>, the project&#8217;s YouTube channel, <a href=\"https:\/\/www.youtube.com\/@rEtribUteErasmusPlus\" target=\"_blank\" rel=\"noreferrer noopener\">https:\/\/www.youtube.com\/@rEtribUteErasmusPlus<\/a>, the European project results platform, and eTwinning. The writing and timing of the final report were also addressed. We reserved a final morning to address the issue of accreditations. IES Azor\u00edn provided a brief training on accreditations, provided guidelines to its partners for requesting them, and encouraged them to do so, considering the simplification they represent once the school is accredited when applying for mobilities that develop their internationalization plan.<\/p>\n\n\n\n<p>As a culmination to this training day, a debate was opened on the future of the partnership and future channels of collaboration once the project is concluded. The delivery of attendance certificates and the exchange of gifts concluded this last face-to-face meeting, which was highly valued by its participants<\/p>\n\n\n\n<figure class=\"wp-block-gallery has-nested-images columns-default is-cropped wp-block-gallery-3 is-layout-flex\">\n<figure class=\"wp-block-image size-large\"><img decoding=\"async\" loading=\"lazy\" width=\"1024\" height=\"768\" data-id=\"348\"  src=\"https:\/\/retribute.iesazorin.com\/wp-content\/uploads\/2023\/07\/IMG-20230630-WA0008-1024x768.jpg\" alt=\"\" class=\"wp-image-348\" srcset=\"https:\/\/retribute.iesazorin.com\/wp-content\/uploads\/2023\/07\/IMG-20230630-WA0008-1024x768.jpg 1024w, https:\/\/retribute.iesazorin.com\/wp-content\/uploads\/2023\/07\/IMG-20230630-WA0008-300x225.jpg 300w, https:\/\/retribute.iesazorin.com\/wp-content\/uploads\/2023\/07\/IMG-20230630-WA0008-768x576.jpg 768w, https:\/\/retribute.iesazorin.com\/wp-content\/uploads\/2023\/07\/IMG-20230630-WA0008-1536x1152.jpg 1536w, https:\/\/retribute.iesazorin.com\/wp-content\/uploads\/2023\/07\/IMG-20230630-WA0008-467x350.jpg 467w, https:\/\/retribute.iesazorin.com\/wp-content\/uploads\/2023\/07\/IMG-20230630-WA0008-150x113.jpg 150w, https:\/\/retribute.iesazorin.com\/wp-content\/uploads\/2023\/07\/IMG-20230630-WA0008.jpg 2048w\" sizes=\"(max-width: 1024px) 100vw, 1024px\" \/><\/figure>\n\n\n\n<figure class=\"wp-block-image size-large\"><img decoding=\"async\" loading=\"lazy\" width=\"1024\" height=\"683\" data-id=\"349\"  src=\"https:\/\/retribute.iesazorin.com\/wp-content\/uploads\/2023\/07\/DSC_0477-1024x683.jpg\" alt=\"\" class=\"wp-image-349\" srcset=\"https:\/\/retribute.iesazorin.com\/wp-content\/uploads\/2023\/07\/DSC_0477-1024x683.jpg 1024w, https:\/\/retribute.iesazorin.com\/wp-content\/uploads\/2023\/07\/DSC_0477-300x200.jpg 300w, https:\/\/retribute.iesazorin.com\/wp-content\/uploads\/2023\/07\/DSC_0477-768x512.jpg 768w, https:\/\/retribute.iesazorin.com\/wp-content\/uploads\/2023\/07\/DSC_0477-1536x1024.jpg 1536w, https:\/\/retribute.iesazorin.com\/wp-content\/uploads\/2023\/07\/DSC_0477-2048x1365.jpg 2048w, https:\/\/retribute.iesazorin.com\/wp-content\/uploads\/2023\/07\/DSC_0477-525x350.jpg 525w, https:\/\/retribute.iesazorin.com\/wp-content\/uploads\/2023\/07\/DSC_0477-150x100.jpg 150w\" sizes=\"(max-width: 1024px) 100vw, 1024px\" \/><\/figure>\n<\/figure>\n","protected":false},"excerpt":{"rendered":"<p>Teacher Mobility. Erasmus+ Project #rEtribUte Between 28 and 30 June 2023 we carried out the final teacher mobility of the Erasmus+ project rEtribUte, coordinated by IES Azor\u00edn and involving its partners: Thomas-Mann Gymnasium in Berlin and Egri P\u00e1sztorv\u00f6lgyi Altal\u00e1nos Iskola \u00e9s Gimn\u00e1zium in Eger (Hungary). The mobility included the participation &#8230; <a class=\"continue-reading-link\" href=\"https:\/\/retribute.iesazorin.com\/index.php\/petrer-june-2023\/\"> Continue reading<\/a><\/p>\n","protected":false},"author":1,"featured_media":0,"parent":0,"menu_order":0,"comment_status":"closed","ping_status":"closed","template":"","meta":[],"_links":{"self":[{"href":"https:\/\/retribute.iesazorin.com\/index.php\/wp-json\/wp\/v2\/pages\/280"}],"collection":[{"href":"https:\/\/retribute.iesazorin.com\/index.php\/wp-json\/wp\/v2\/pages"}],"about":[{"href":"https:\/\/retribute.iesazorin.com\/index.php\/wp-json\/wp\/v2\/types\/page"}],"author":[{"embeddable":true,"href":"https:\/\/retribute.iesazorin.com\/index.php\/wp-json\/wp\/v2\/users\/1"}],"replies":[{"embeddable":true,"href":"https:\/\/retribute.iesazorin.com\/index.php\/wp-json\/wp\/v2\/comments?post=280"}],"version-history":[{"count":3,"href":"https:\/\/retribute.iesazorin.com\/index.php\/wp-json\/wp\/v2\/pages\/280\/revisions"}],"predecessor-version":[{"id":350,"href":"https:\/\/retribute.iesazorin.com\/index.php\/wp-json\/wp\/v2\/pages\/280\/revisions\/350"}],"wp:attachment":[{"href":"https:\/\/retribute.iesazorin.com\/index.php\/wp-json\/wp\/v2\/media?parent=280"}],"curies":[{"name":"wp","href":"https:\/\/api.w.org\/{rel}","templated":true}]}}