{"id":267,"date":"2023-06-07T20:28:26","date_gmt":"2023-06-07T20:28:26","guid":{"rendered":"https:\/\/retribute.iesazorin.com\/?page_id=267"},"modified":"2023-06-07T20:49:30","modified_gmt":"2023-06-07T20:49:30","slug":"berlin-october-2022","status":"publish","type":"page","link":"https:\/\/retribute.iesazorin.com\/index.php\/berlin-october-2022\/","title":{"rendered":"Berlin, October 2022"},"content":{"rendered":"\n<figure class=\"wp-block-gallery has-nested-images columns-default is-cropped wp-block-gallery-1 is-layout-flex\">\n<figure class=\"wp-block-image size-large\"><img decoding=\"async\" loading=\"lazy\" width=\"1024\" height=\"683\" data-id=\"231\"  src=\"https:\/\/retribute.iesazorin.com\/wp-content\/uploads\/2023\/06\/DSC_0414-1024x683.jpg\" alt=\"\" class=\"wp-image-231\" srcset=\"https:\/\/retribute.iesazorin.com\/wp-content\/uploads\/2023\/06\/DSC_0414-1024x683.jpg 1024w, https:\/\/retribute.iesazorin.com\/wp-content\/uploads\/2023\/06\/DSC_0414-300x200.jpg 300w, https:\/\/retribute.iesazorin.com\/wp-content\/uploads\/2023\/06\/DSC_0414-768x512.jpg 768w, https:\/\/retribute.iesazorin.com\/wp-content\/uploads\/2023\/06\/DSC_0414-1536x1024.jpg 1536w, https:\/\/retribute.iesazorin.com\/wp-content\/uploads\/2023\/06\/DSC_0414-2048x1365.jpg 2048w, https:\/\/retribute.iesazorin.com\/wp-content\/uploads\/2023\/06\/DSC_0414-525x350.jpg 525w, https:\/\/retribute.iesazorin.com\/wp-content\/uploads\/2023\/06\/DSC_0414-150x100.jpg 150w\" sizes=\"(max-width: 1024px) 100vw, 1024px\" \/><\/figure>\n<\/figure>\n\n\n\n<p>From October 17th to 21st, the second mobility of the Erasmus+ project rEtribUte took place in Berlin, developed by IES Azor\u00edn and its partners Thomas-Mann Gymnasium in Berlin and Egri P\u00e1sztorv\u00f6lgyi Altal\u00e1nos Iskola \u00e9s Gimn\u00e1zium in Eger, Hungary.<\/p>\n\n\n\n<p>This second face-to-face meeting focused on the theme of the places in our lives. Prior to the mobility, students from the three schools conducted interviews with our elders about the emblematic places in our cities and their evolution up to the present moment. This work would be presented through videos and presentations to the rest of the participants.<\/p>\n\n\n\n<p>During our stay in Berlin, we attended an official reception in the Reinickendorf district (<a href=\"https:\/\/www.berlin.de\/ba-reinickendorf\/\">https:\/\/www.berlin.de\/ba-reinickendorf\/<\/a>). We visited our partner school and participated in an activity exploring the surrounding areas through a location-based game played by international teams.<\/p>\n\n\n\n<p>The question of places was addressed through visits to representative spaces of Berlin&#8217;s tradition across generations, such as the Museum Island (with visits to the Altes Museum <a href=\"https:\/\/www.museumsportal-berlin.de\/es\/museos\/altes-museum\/\">https:\/\/www.museumsportal-berlin.de\/es\/museos\/altes-museum\/<\/a>, the Pergamon Museum <a href=\"https:\/\/www.museumsportal-berlin.de\/es\/museos\/pergamonmuseum\/\">https:\/\/www.museumsportal-berlin.de\/es\/museos\/pergamonmuseum\/<\/a>, and the Panorama <a href=\"https:\/\/www.museumsportal-berlin.de\/es\/museos\/pergamonmuseum-das-panorama\/\">https:\/\/www.museumsportal-berlin.de\/es\/museos\/pergamonmuseum-das-panorama\/<\/a>).<\/p>\n\n\n\n<p>Likewise, we had the opportunity to analyze the evolution of those spaces through interactive exhibitions that questioned us about the connection with the past and, above all, the future perspectives related to them at Futurium (<a href=\"https:\/\/futurium.de\/\">https:\/\/futurium.de\/<\/a>) and the Humboldt Forum with its exhibition Berlin Global (<a href=\"https:\/\/www.museumsportal-berlin.de\/es\/exposiciones\/berlin-global\">https:\/\/www.museumsportal-berlin.de\/es\/exposiciones\/berlin-global<\/a>).<\/p>\n\n\n\n<p>Beyond indoor spaces, we had the chance to visit other prominent locations on the streets that played a significant role in Berlin&#8217;s history, both recent and distant, including the Brandenburg Gate, the Reichstag <a href=\"https:\/\/www.bundestag.de\/es\">https:\/\/www.bundestag.de\/es<\/a>, the East Side Gallery and the Berlin Wall <a href=\"https:\/\/www.berlin.de\/mauer\/es\/lugares\/otros-lugares-importantes\/east-side-gallery\/\">https:\/\/www.berlin.de\/mauer\/es\/lugares\/otros-lugares-importantes\/east-side-gallery\/<\/a>, the MarktHalle in Kreuzberg <a href=\"https:\/\/markthalleneun.de\/ueber-uns\/geschichte\/\">https:\/\/markthalleneun.de\/ueber-uns\/geschichte\/<\/a>, or a guided tour showcasing various graffiti displays in Friedrichshain-Kreuzberg and Dead Chicken Alley. In short, we enjoyed the people and the places during a mobility filled with positive experiences after a challenging start to the project due to pandemic-related issues. Now it&#8217;s time to share it, especially with the participants of rEtribUte who stayed at home and will travel in the next mobility to Eger in the spring, a meeting dedicated to the words of our lives.<\/p>\n\n\n\n<figure class=\"wp-block-gallery has-nested-images columns-default is-cropped wp-block-gallery-3 is-layout-flex\">\n<figure class=\"wp-block-image size-large\"><img decoding=\"async\" loading=\"lazy\" width=\"1024\" height=\"683\" data-id=\"246\"  src=\"https:\/\/retribute.iesazorin.com\/wp-content\/uploads\/2023\/06\/DSC_0597-1024x683.jpg\" alt=\"\" class=\"wp-image-246\" srcset=\"https:\/\/retribute.iesazorin.com\/wp-content\/uploads\/2023\/06\/DSC_0597-1024x683.jpg 1024w, https:\/\/retribute.iesazorin.com\/wp-content\/uploads\/2023\/06\/DSC_0597-300x200.jpg 300w, https:\/\/retribute.iesazorin.com\/wp-content\/uploads\/2023\/06\/DSC_0597-768x512.jpg 768w, https:\/\/retribute.iesazorin.com\/wp-content\/uploads\/2023\/06\/DSC_0597-1536x1024.jpg 1536w, https:\/\/retribute.iesazorin.com\/wp-content\/uploads\/2023\/06\/DSC_0597-2048x1365.jpg 2048w, https:\/\/retribute.iesazorin.com\/wp-content\/uploads\/2023\/06\/DSC_0597-525x350.jpg 525w, https:\/\/retribute.iesazorin.com\/wp-content\/uploads\/2023\/06\/DSC_0597-150x100.jpg 150w\" sizes=\"(max-width: 1024px) 100vw, 1024px\" \/><\/figure>\n\n\n\n<figure class=\"wp-block-image size-large\"><img decoding=\"async\" loading=\"lazy\" width=\"1024\" height=\"683\" data-id=\"245\"  src=\"https:\/\/retribute.iesazorin.com\/wp-content\/uploads\/2023\/06\/DSC_0557-1024x683.jpg\" alt=\"\" class=\"wp-image-245\" srcset=\"https:\/\/retribute.iesazorin.com\/wp-content\/uploads\/2023\/06\/DSC_0557-1024x683.jpg 1024w, https:\/\/retribute.iesazorin.com\/wp-content\/uploads\/2023\/06\/DSC_0557-300x200.jpg 300w, https:\/\/retribute.iesazorin.com\/wp-content\/uploads\/2023\/06\/DSC_0557-768x512.jpg 768w, https:\/\/retribute.iesazorin.com\/wp-content\/uploads\/2023\/06\/DSC_0557-1536x1024.jpg 1536w, https:\/\/retribute.iesazorin.com\/wp-content\/uploads\/2023\/06\/DSC_0557-2048x1365.jpg 2048w, https:\/\/retribute.iesazorin.com\/wp-content\/uploads\/2023\/06\/DSC_0557-525x350.jpg 525w, https:\/\/retribute.iesazorin.com\/wp-content\/uploads\/2023\/06\/DSC_0557-150x100.jpg 150w\" sizes=\"(max-width: 1024px) 100vw, 1024px\" \/><\/figure>\n\n\n\n<figure class=\"wp-block-image size-large\"><img decoding=\"async\" loading=\"lazy\" width=\"1024\" height=\"683\" data-id=\"248\"  src=\"https:\/\/retribute.iesazorin.com\/wp-content\/uploads\/2023\/06\/Foto-2-1024x683.jpg\" alt=\"\" class=\"wp-image-248\" srcset=\"https:\/\/retribute.iesazorin.com\/wp-content\/uploads\/2023\/06\/Foto-2-1024x683.jpg 1024w, https:\/\/retribute.iesazorin.com\/wp-content\/uploads\/2023\/06\/Foto-2-300x200.jpg 300w, https:\/\/retribute.iesazorin.com\/wp-content\/uploads\/2023\/06\/Foto-2-768x512.jpg 768w, https:\/\/retribute.iesazorin.com\/wp-content\/uploads\/2023\/06\/Foto-2-1536x1024.jpg 1536w, https:\/\/retribute.iesazorin.com\/wp-content\/uploads\/2023\/06\/Foto-2-2048x1365.jpg 2048w, https:\/\/retribute.iesazorin.com\/wp-content\/uploads\/2023\/06\/Foto-2-525x350.jpg 525w, https:\/\/retribute.iesazorin.com\/wp-content\/uploads\/2023\/06\/Foto-2-150x100.jpg 150w\" sizes=\"(max-width: 1024px) 100vw, 1024px\" \/><\/figure>\n\n\n\n<figure class=\"wp-block-image size-large\"><img decoding=\"async\" loading=\"lazy\" width=\"1024\" height=\"683\" data-id=\"243\"  src=\"https:\/\/retribute.iesazorin.com\/wp-content\/uploads\/2023\/06\/DSC_0441-1024x683.jpg\" alt=\"\" class=\"wp-image-243\" srcset=\"https:\/\/retribute.iesazorin.com\/wp-content\/uploads\/2023\/06\/DSC_0441-1024x683.jpg 1024w, https:\/\/retribute.iesazorin.com\/wp-content\/uploads\/2023\/06\/DSC_0441-300x200.jpg 300w, https:\/\/retribute.iesazorin.com\/wp-content\/uploads\/2023\/06\/DSC_0441-768x512.jpg 768w, https:\/\/retribute.iesazorin.com\/wp-content\/uploads\/2023\/06\/DSC_0441-1536x1024.jpg 1536w, https:\/\/retribute.iesazorin.com\/wp-content\/uploads\/2023\/06\/DSC_0441-2048x1365.jpg 2048w, https:\/\/retribute.iesazorin.com\/wp-content\/uploads\/2023\/06\/DSC_0441-525x350.jpg 525w, https:\/\/retribute.iesazorin.com\/wp-content\/uploads\/2023\/06\/DSC_0441-150x100.jpg 150w\" sizes=\"(max-width: 1024px) 100vw, 1024px\" \/><\/figure>\n\n\n\n<figure class=\"wp-block-image size-large\"><img decoding=\"async\" loading=\"lazy\" width=\"1024\" height=\"683\" data-id=\"247\"  src=\"https:\/\/retribute.iesazorin.com\/wp-content\/uploads\/2023\/06\/DSC_0604-1024x683.jpg\" alt=\"\" class=\"wp-image-247\" srcset=\"https:\/\/retribute.iesazorin.com\/wp-content\/uploads\/2023\/06\/DSC_0604-1024x683.jpg 1024w, https:\/\/retribute.iesazorin.com\/wp-content\/uploads\/2023\/06\/DSC_0604-300x200.jpg 300w, https:\/\/retribute.iesazorin.com\/wp-content\/uploads\/2023\/06\/DSC_0604-768x512.jpg 768w, https:\/\/retribute.iesazorin.com\/wp-content\/uploads\/2023\/06\/DSC_0604-1536x1024.jpg 1536w, https:\/\/retribute.iesazorin.com\/wp-content\/uploads\/2023\/06\/DSC_0604-2048x1365.jpg 2048w, https:\/\/retribute.iesazorin.com\/wp-content\/uploads\/2023\/06\/DSC_0604-525x350.jpg 525w, https:\/\/retribute.iesazorin.com\/wp-content\/uploads\/2023\/06\/DSC_0604-150x100.jpg 150w\" sizes=\"(max-width: 1024px) 100vw, 1024px\" \/><\/figure>\n\n\n\n<figure class=\"wp-block-image size-large\"><img decoding=\"async\" loading=\"lazy\" width=\"410\" height=\"400\" data-id=\"179\"  src=\"https:\/\/retribute.iesazorin.com\/wp-content\/uploads\/2023\/05\/thomas.jpg\" alt=\"\" class=\"wp-image-179\" srcset=\"https:\/\/retribute.iesazorin.com\/wp-content\/uploads\/2023\/05\/thomas.jpg 410w, https:\/\/retribute.iesazorin.com\/wp-content\/uploads\/2023\/05\/thomas-300x293.jpg 300w, https:\/\/retribute.iesazorin.com\/wp-content\/uploads\/2023\/05\/thomas-359x350.jpg 359w, https:\/\/retribute.iesazorin.com\/wp-content\/uploads\/2023\/05\/thomas-150x146.jpg 150w\" sizes=\"(max-width: 410px) 100vw, 410px\" \/><\/figure>\n\n\n\n<figure class=\"wp-block-image size-large\"><img decoding=\"async\" loading=\"lazy\" width=\"1024\" height=\"683\" data-id=\"233\"  src=\"https:\/\/retribute.iesazorin.com\/wp-content\/uploads\/2023\/06\/DSC_0552-1024x683.jpg\" alt=\"\" class=\"wp-image-233\" srcset=\"https:\/\/retribute.iesazorin.com\/wp-content\/uploads\/2023\/06\/DSC_0552-1024x683.jpg 1024w, https:\/\/retribute.iesazorin.com\/wp-content\/uploads\/2023\/06\/DSC_0552-300x200.jpg 300w, https:\/\/retribute.iesazorin.com\/wp-content\/uploads\/2023\/06\/DSC_0552-768x512.jpg 768w, https:\/\/retribute.iesazorin.com\/wp-content\/uploads\/2023\/06\/DSC_0552-1536x1024.jpg 1536w, https:\/\/retribute.iesazorin.com\/wp-content\/uploads\/2023\/06\/DSC_0552-2048x1365.jpg 2048w, https:\/\/retribute.iesazorin.com\/wp-content\/uploads\/2023\/06\/DSC_0552-525x350.jpg 525w, https:\/\/retribute.iesazorin.com\/wp-content\/uploads\/2023\/06\/DSC_0552-150x100.jpg 150w\" sizes=\"(max-width: 1024px) 100vw, 1024px\" \/><\/figure>\n\n\n\n<figure class=\"wp-block-image size-large\"><img decoding=\"async\" loading=\"lazy\" width=\"1024\" height=\"683\" data-id=\"232\"  src=\"https:\/\/retribute.iesazorin.com\/wp-content\/uploads\/2023\/06\/DSC_0420-1024x683.jpg\" alt=\"\" class=\"wp-image-232\" srcset=\"https:\/\/retribute.iesazorin.com\/wp-content\/uploads\/2023\/06\/DSC_0420-1024x683.jpg 1024w, https:\/\/retribute.iesazorin.com\/wp-content\/uploads\/2023\/06\/DSC_0420-300x200.jpg 300w, https:\/\/retribute.iesazorin.com\/wp-content\/uploads\/2023\/06\/DSC_0420-768x512.jpg 768w, https:\/\/retribute.iesazorin.com\/wp-content\/uploads\/2023\/06\/DSC_0420-1536x1024.jpg 1536w, https:\/\/retribute.iesazorin.com\/wp-content\/uploads\/2023\/06\/DSC_0420-2048x1365.jpg 2048w, https:\/\/retribute.iesazorin.com\/wp-content\/uploads\/2023\/06\/DSC_0420-525x350.jpg 525w, https:\/\/retribute.iesazorin.com\/wp-content\/uploads\/2023\/06\/DSC_0420-150x100.jpg 150w\" sizes=\"(max-width: 1024px) 100vw, 1024px\" \/><\/figure>\n<\/figure>\n","protected":false},"excerpt":{"rendered":"<p>From October 17th to 21st, the second mobility of the Erasmus+ project rEtribUte took place in Berlin, developed by IES Azor\u00edn and its partners Thomas-Mann Gymnasium in Berlin and Egri P\u00e1sztorv\u00f6lgyi Altal\u00e1nos Iskola \u00e9s Gimn\u00e1zium in Eger, Hungary. This second face-to-face meeting focused on the theme of the places in &#8230; <a class=\"continue-reading-link\" href=\"https:\/\/retribute.iesazorin.com\/index.php\/berlin-october-2022\/\"> Continue reading<\/a><\/p>\n","protected":false},"author":1,"featured_media":0,"parent":0,"menu_order":0,"comment_status":"closed","ping_status":"closed","template":"","meta":[],"_links":{"self":[{"href":"https:\/\/retribute.iesazorin.com\/index.php\/wp-json\/wp\/v2\/pages\/267"}],"collection":[{"href":"https:\/\/retribute.iesazorin.com\/index.php\/wp-json\/wp\/v2\/pages"}],"about":[{"href":"https:\/\/retribute.iesazorin.com\/index.php\/wp-json\/wp\/v2\/types\/page"}],"author":[{"embeddable":true,"href":"https:\/\/retribute.iesazorin.com\/index.php\/wp-json\/wp\/v2\/users\/1"}],"replies":[{"embeddable":true,"href":"https:\/\/retribute.iesazorin.com\/index.php\/wp-json\/wp\/v2\/comments?post=267"}],"version-history":[{"count":2,"href":"https:\/\/retribute.iesazorin.com\/index.php\/wp-json\/wp\/v2\/pages\/267\/revisions"}],"predecessor-version":[{"id":276,"href":"https:\/\/retribute.iesazorin.com\/index.php\/wp-json\/wp\/v2\/pages\/267\/revisions\/276"}],"wp:attachment":[{"href":"https:\/\/retribute.iesazorin.com\/index.php\/wp-json\/wp\/v2\/media?parent=267"}],"curies":[{"name":"wp","href":"https:\/\/api.w.org\/{rel}","templated":true}]}}