{"id":241,"date":"2023-06-07T19:44:58","date_gmt":"2023-06-07T19:44:58","guid":{"rendered":"https:\/\/retribute.iesazorin.com\/?page_id=241"},"modified":"2023-06-07T20:44:37","modified_gmt":"2023-06-07T20:44:37","slug":"petrer-april-2022","status":"publish","type":"page","link":"https:\/\/retribute.iesazorin.com\/index.php\/petrer-april-2022\/","title":{"rendered":"Petrer, April 2022"},"content":{"rendered":"\n<div class=\"wp-block-columns is-layout-flex wp-container-4\">\n<div class=\"wp-block-column is-layout-flow\">\n<figure class=\"wp-block-gallery has-nested-images columns-default is-cropped wp-block-gallery-1 is-layout-flex\">\n<figure class=\"wp-block-image size-large\"><img decoding=\"async\" loading=\"lazy\" width=\"1024\" height=\"768\" src=\"https:\/\/retribute.iesazorin.com\/wp-content\/uploads\/2023\/06\/IMG_20220406_092816-1-1024x768.jpg\" alt=\"\" class=\"wp-image-273\" srcset=\"https:\/\/retribute.iesazorin.com\/wp-content\/uploads\/2023\/06\/IMG_20220406_092816-1-1024x768.jpg 1024w, https:\/\/retribute.iesazorin.com\/wp-content\/uploads\/2023\/06\/IMG_20220406_092816-1-300x225.jpg 300w, https:\/\/retribute.iesazorin.com\/wp-content\/uploads\/2023\/06\/IMG_20220406_092816-1-768x576.jpg 768w, https:\/\/retribute.iesazorin.com\/wp-content\/uploads\/2023\/06\/IMG_20220406_092816-1-1536x1152.jpg 1536w, https:\/\/retribute.iesazorin.com\/wp-content\/uploads\/2023\/06\/IMG_20220406_092816-1-2048x1536.jpg 2048w, https:\/\/retribute.iesazorin.com\/wp-content\/uploads\/2023\/06\/IMG_20220406_092816-1-467x350.jpg 467w, https:\/\/retribute.iesazorin.com\/wp-content\/uploads\/2023\/06\/IMG_20220406_092816-1-150x113.jpg 150w\" sizes=\"(max-width: 1024px) 100vw, 1024px\" \/><\/figure>\n<\/figure>\n<\/div>\n<\/div>\n\n\n\n<p>We emerged from the tunnel, having exerted effort without glimpsing a hint of light to fuel our motivation. These have been challenging times for any collaborative task, even more so when distance has come between those of us who were meant to carry it out. With changes forced by circumstances, the withdrawal of a partner, and a continuous process of reinventing ourselves with the means available to us at each moment, we have completed our first mobility within the rEtribUte project. This project unites our school, IES Azor\u00edn, with Thomas-Mann Gymnasium in Berlin and Egri P\u00e1sztorv\u00f6lgyi Altal\u00e1nos Iskola \u00e9s Gimn\u00e1zium in Eger, Hungary, and focuses on intergenerational dialogue and appreciation for the contributions of our elders. Our aim is to make their efforts in building a better world visible, to express our gratitude for their contributions in times even more challenging than the present.<\/p>\n\n\n\n<p>Our meeting began with introductions. Twenty-six students from Azor\u00edn, 8 from the German school, and 11 from the Hungarian school were going to meet in person for the first time, and it was essential to make the most of this opportunity to learn about other realities, identify common traits, and understand different cultures and perspectives on reality.<\/p>\n\n\n\n<p>On the first day, we explored Petrer, its streets, its castle (<a href=\"https:\/\/turismopetrer.es\/castillo\/\">https:\/\/turismopetrer.es\/castillo\/<\/a>), the cave houses (<a href=\"https:\/\/turismopetrer.es\/casas-cueva\/\">https:\/\/turismopetrer.es\/casas-cueva\/<\/a>), and the archaeological museum D\u00e1maso Navarro (<a href=\"https:\/\/turismopetrer.es\/turismo-petrer\/museo-damaso-navarro\/\">https:\/\/turismopetrer.es\/turismo-petrer\/museo-damaso-navarro\/<\/a>), all of which bear the traces of those who came before us and have shaped a significant part of who we are. The mayor and the councilor for education welcomed us in the town hall&#8217;s plenary hall.<\/p>\n\n\n\n<p>In the afternoon, Colla el Terr\u00f2s offered us a session that combined playfulness with a journey through the musical traditions of our grandparents. Thanks to one of our teachers, Eliseu, and a former classmate, Borja, who are involved with this group, we enjoyed the folklore and traditions of Petrer through music and dance.<\/p>\n\n\n\n<p>The second day was dedicated to group work using the design thinking methodology to address the needs of older adults. We chose the facilities of the Ferrusa area for this purpose. We began with a presentation by Rosana Ferr\u00e1ndiz from Petrer&#8217;s social services, who shared her experience in caring for people facing difficulties specifically related to their age. The previous surveys we conducted in the three countries and her intervention allowed each group to create an empathy map (<a href=\"https:\/\/designthinking.gal\/el-mapa-de-empatia\/\">https:\/\/designthinking.gal\/el-mapa-de-empatia\/<\/a>) and present it.<\/p>\n\n\n\n<p>We then proceeded to identify the most significant obstacles faced by older adults and generate ideas to address them. Through various techniques, the groups generated a large number of ideas for developing an application (divergent thinking), which would later be selected based on their usefulness, originality, and potential for development.<\/p>\n\n\n\n<p>On the third day, we delved into the first two sections of our project: the sounds of our lives and experiences in their context. In the first case, we attended a rehearsal of the municipal symphony band (<a href=\"https:\/\/www.alicante.es\/es\/contenidos\/banda\">https:\/\/www.alicante.es\/es\/contenidos\/banda<\/a><\/p>\n\n\n\n<p><\/p>\n\n\n\n<figure class=\"wp-block-gallery has-nested-images columns-default is-cropped wp-block-gallery-5 is-layout-flex\">\n<figure class=\"wp-block-image size-large\"><img decoding=\"async\" loading=\"lazy\" width=\"1024\" height=\"683\" data-id=\"80\"  src=\"https:\/\/retribute.iesazorin.com\/wp-content\/uploads\/2023\/05\/DSC_0420-1024x683.jpg\" alt=\"\" class=\"wp-image-80\" srcset=\"https:\/\/retribute.iesazorin.com\/wp-content\/uploads\/2023\/05\/DSC_0420-1024x683.jpg 1024w, https:\/\/retribute.iesazorin.com\/wp-content\/uploads\/2023\/05\/DSC_0420-300x200.jpg 300w\" sizes=\"(max-width: 1024px) 100vw, 1024px\" \/><\/figure>\n\n\n\n<figure class=\"wp-block-image size-large\"><img decoding=\"async\" loading=\"lazy\" width=\"1024\" height=\"768\" data-id=\"82\"  src=\"https:\/\/retribute.iesazorin.com\/wp-content\/uploads\/2023\/05\/IMG_20220407_151017-1024x768.jpg\" alt=\"\" class=\"wp-image-82\" srcset=\"https:\/\/retribute.iesazorin.com\/wp-content\/uploads\/2023\/05\/IMG_20220407_151017-1024x768.jpg 1024w, https:\/\/retribute.iesazorin.com\/wp-content\/uploads\/2023\/05\/IMG_20220407_151017-300x225.jpg 300w\" sizes=\"(max-width: 1024px) 100vw, 1024px\" \/><\/figure>\n\n\n\n<figure class=\"wp-block-image size-large\"><img decoding=\"async\" loading=\"lazy\" width=\"640\" height=\"449\" data-id=\"50\"  src=\"https:\/\/retribute.iesazorin.com\/wp-content\/uploads\/2023\/05\/logo_retribute_.jpg\" alt=\"\" class=\"wp-image-50\" srcset=\"https:\/\/retribute.iesazorin.com\/wp-content\/uploads\/2023\/05\/logo_retribute_.jpg 640w, https:\/\/retribute.iesazorin.com\/wp-content\/uploads\/2023\/05\/logo_retribute_-300x210.jpg 300w, https:\/\/retribute.iesazorin.com\/wp-content\/uploads\/2023\/05\/logo_retribute_-360x253.jpg 360w\" sizes=\"(max-width: 640px) 100vw, 640px\" \/><\/figure>\n\n\n\n<figure class=\"wp-block-image size-large\"><img decoding=\"async\" loading=\"lazy\" width=\"1024\" height=\"768\" data-id=\"252\"  src=\"https:\/\/retribute.iesazorin.com\/wp-content\/uploads\/2023\/06\/IMG_20211222_121654-1024x768.jpg\" alt=\"\" class=\"wp-image-252\" srcset=\"https:\/\/retribute.iesazorin.com\/wp-content\/uploads\/2023\/06\/IMG_20211222_121654-1024x768.jpg 1024w, https:\/\/retribute.iesazorin.com\/wp-content\/uploads\/2023\/06\/IMG_20211222_121654-300x225.jpg 300w, https:\/\/retribute.iesazorin.com\/wp-content\/uploads\/2023\/06\/IMG_20211222_121654-768x576.jpg 768w, https:\/\/retribute.iesazorin.com\/wp-content\/uploads\/2023\/06\/IMG_20211222_121654-1536x1152.jpg 1536w, https:\/\/retribute.iesazorin.com\/wp-content\/uploads\/2023\/06\/IMG_20211222_121654-2048x1536.jpg 2048w, https:\/\/retribute.iesazorin.com\/wp-content\/uploads\/2023\/06\/IMG_20211222_121654-467x350.jpg 467w, https:\/\/retribute.iesazorin.com\/wp-content\/uploads\/2023\/06\/IMG_20211222_121654-150x113.jpg 150w\" sizes=\"(max-width: 1024px) 100vw, 1024px\" \/><\/figure>\n\n\n\n<figure class=\"wp-block-image size-large\"><img decoding=\"async\" loading=\"lazy\" width=\"1024\" height=\"768\" data-id=\"253\"  src=\"https:\/\/retribute.iesazorin.com\/wp-content\/uploads\/2023\/06\/IMG_20220404_085144-1024x768.jpg\" alt=\"\" class=\"wp-image-253\" srcset=\"https:\/\/retribute.iesazorin.com\/wp-content\/uploads\/2023\/06\/IMG_20220404_085144-1024x768.jpg 1024w, https:\/\/retribute.iesazorin.com\/wp-content\/uploads\/2023\/06\/IMG_20220404_085144-300x225.jpg 300w, https:\/\/retribute.iesazorin.com\/wp-content\/uploads\/2023\/06\/IMG_20220404_085144-768x576.jpg 768w, https:\/\/retribute.iesazorin.com\/wp-content\/uploads\/2023\/06\/IMG_20220404_085144-1536x1152.jpg 1536w, https:\/\/retribute.iesazorin.com\/wp-content\/uploads\/2023\/06\/IMG_20220404_085144-2048x1536.jpg 2048w, https:\/\/retribute.iesazorin.com\/wp-content\/uploads\/2023\/06\/IMG_20220404_085144-467x350.jpg 467w, https:\/\/retribute.iesazorin.com\/wp-content\/uploads\/2023\/06\/IMG_20220404_085144-150x113.jpg 150w\" sizes=\"(max-width: 1024px) 100vw, 1024px\" \/><\/figure>\n\n\n\n<figure class=\"wp-block-image size-large\"><img decoding=\"async\" loading=\"lazy\" width=\"1024\" height=\"768\" data-id=\"254\"  src=\"https:\/\/retribute.iesazorin.com\/wp-content\/uploads\/2023\/06\/IMG_20220404_110920-1024x768.jpg\" alt=\"\" class=\"wp-image-254\" srcset=\"https:\/\/retribute.iesazorin.com\/wp-content\/uploads\/2023\/06\/IMG_20220404_110920-1024x768.jpg 1024w, https:\/\/retribute.iesazorin.com\/wp-content\/uploads\/2023\/06\/IMG_20220404_110920-300x225.jpg 300w, https:\/\/retribute.iesazorin.com\/wp-content\/uploads\/2023\/06\/IMG_20220404_110920-768x576.jpg 768w, https:\/\/retribute.iesazorin.com\/wp-content\/uploads\/2023\/06\/IMG_20220404_110920-1536x1152.jpg 1536w, https:\/\/retribute.iesazorin.com\/wp-content\/uploads\/2023\/06\/IMG_20220404_110920-2048x1536.jpg 2048w, https:\/\/retribute.iesazorin.com\/wp-content\/uploads\/2023\/06\/IMG_20220404_110920-467x350.jpg 467w, https:\/\/retribute.iesazorin.com\/wp-content\/uploads\/2023\/06\/IMG_20220404_110920-150x113.jpg 150w\" sizes=\"(max-width: 1024px) 100vw, 1024px\" \/><\/figure>\n\n\n\n<figure class=\"wp-block-image size-large\"><img decoding=\"async\" loading=\"lazy\" width=\"1024\" height=\"768\" data-id=\"255\"  src=\"https:\/\/retribute.iesazorin.com\/wp-content\/uploads\/2023\/06\/IMG_20220404_171609-1024x768.jpg\" alt=\"\" class=\"wp-image-255\" srcset=\"https:\/\/retribute.iesazorin.com\/wp-content\/uploads\/2023\/06\/IMG_20220404_171609-1024x768.jpg 1024w, https:\/\/retribute.iesazorin.com\/wp-content\/uploads\/2023\/06\/IMG_20220404_171609-300x225.jpg 300w, https:\/\/retribute.iesazorin.com\/wp-content\/uploads\/2023\/06\/IMG_20220404_171609-768x576.jpg 768w, https:\/\/retribute.iesazorin.com\/wp-content\/uploads\/2023\/06\/IMG_20220404_171609-1536x1152.jpg 1536w, https:\/\/retribute.iesazorin.com\/wp-content\/uploads\/2023\/06\/IMG_20220404_171609-2048x1536.jpg 2048w, https:\/\/retribute.iesazorin.com\/wp-content\/uploads\/2023\/06\/IMG_20220404_171609-467x350.jpg 467w, https:\/\/retribute.iesazorin.com\/wp-content\/uploads\/2023\/06\/IMG_20220404_171609-150x113.jpg 150w\" sizes=\"(max-width: 1024px) 100vw, 1024px\" \/><\/figure>\n\n\n\n<figure class=\"wp-block-image size-large\"><img decoding=\"async\" loading=\"lazy\" width=\"1024\" height=\"768\" data-id=\"257\"  src=\"https:\/\/retribute.iesazorin.com\/wp-content\/uploads\/2023\/06\/IMG_20220407_111325-1024x768.jpg\" alt=\"\" class=\"wp-image-257\" srcset=\"https:\/\/retribute.iesazorin.com\/wp-content\/uploads\/2023\/06\/IMG_20220407_111325-1024x768.jpg 1024w, https:\/\/retribute.iesazorin.com\/wp-content\/uploads\/2023\/06\/IMG_20220407_111325-300x225.jpg 300w, https:\/\/retribute.iesazorin.com\/wp-content\/uploads\/2023\/06\/IMG_20220407_111325-768x576.jpg 768w, https:\/\/retribute.iesazorin.com\/wp-content\/uploads\/2023\/06\/IMG_20220407_111325-1536x1152.jpg 1536w, https:\/\/retribute.iesazorin.com\/wp-content\/uploads\/2023\/06\/IMG_20220407_111325-2048x1536.jpg 2048w, https:\/\/retribute.iesazorin.com\/wp-content\/uploads\/2023\/06\/IMG_20220407_111325-467x350.jpg 467w, https:\/\/retribute.iesazorin.com\/wp-content\/uploads\/2023\/06\/IMG_20220407_111325-150x113.jpg 150w\" sizes=\"(max-width: 1024px) 100vw, 1024px\" \/><\/figure>\n\n\n\n<figure class=\"wp-block-image size-large\"><img decoding=\"async\" loading=\"lazy\" width=\"1024\" height=\"913\" data-id=\"259\"  src=\"https:\/\/retribute.iesazorin.com\/wp-content\/uploads\/2023\/06\/IMG-20220408-WA0007-1024x913.jpg\" alt=\"\" class=\"wp-image-259\" srcset=\"https:\/\/retribute.iesazorin.com\/wp-content\/uploads\/2023\/06\/IMG-20220408-WA0007-1024x913.jpg 1024w, https:\/\/retribute.iesazorin.com\/wp-content\/uploads\/2023\/06\/IMG-20220408-WA0007-300x267.jpg 300w, https:\/\/retribute.iesazorin.com\/wp-content\/uploads\/2023\/06\/IMG-20220408-WA0007-768x685.jpg 768w, https:\/\/retribute.iesazorin.com\/wp-content\/uploads\/2023\/06\/IMG-20220408-WA0007-1536x1370.jpg 1536w, https:\/\/retribute.iesazorin.com\/wp-content\/uploads\/2023\/06\/IMG-20220408-WA0007-393x350.jpg 393w, https:\/\/retribute.iesazorin.com\/wp-content\/uploads\/2023\/06\/IMG-20220408-WA0007-150x134.jpg 150w, https:\/\/retribute.iesazorin.com\/wp-content\/uploads\/2023\/06\/IMG-20220408-WA0007.jpg 2048w\" sizes=\"(max-width: 1024px) 100vw, 1024px\" \/><\/figure>\n\n\n\n<figure class=\"wp-block-image size-large\"><img decoding=\"async\" loading=\"lazy\" width=\"1024\" height=\"768\" data-id=\"258\"  src=\"https:\/\/retribute.iesazorin.com\/wp-content\/uploads\/2023\/06\/IMG-20220408-WA0001.jpg\" alt=\"\" class=\"wp-image-258\" srcset=\"https:\/\/retribute.iesazorin.com\/wp-content\/uploads\/2023\/06\/IMG-20220408-WA0001.jpg 1024w, https:\/\/retribute.iesazorin.com\/wp-content\/uploads\/2023\/06\/IMG-20220408-WA0001-300x225.jpg 300w, https:\/\/retribute.iesazorin.com\/wp-content\/uploads\/2023\/06\/IMG-20220408-WA0001-768x576.jpg 768w, https:\/\/retribute.iesazorin.com\/wp-content\/uploads\/2023\/06\/IMG-20220408-WA0001-467x350.jpg 467w, https:\/\/retribute.iesazorin.com\/wp-content\/uploads\/2023\/06\/IMG-20220408-WA0001-150x113.jpg 150w\" sizes=\"(max-width: 1024px) 100vw, 1024px\" \/><\/figure>\n\n\n\n<figure class=\"wp-block-image size-large\"><img decoding=\"async\" loading=\"lazy\" width=\"1024\" height=\"671\" data-id=\"78\"  src=\"https:\/\/retribute.iesazorin.com\/wp-content\/uploads\/2023\/05\/36cc90cf-8ac3-4dc6-986d-dcce78d95b89-1024x671.jpg\" alt=\"\" class=\"wp-image-78\" srcset=\"https:\/\/retribute.iesazorin.com\/wp-content\/uploads\/2023\/05\/36cc90cf-8ac3-4dc6-986d-dcce78d95b89-1024x671.jpg 1024w, https:\/\/retribute.iesazorin.com\/wp-content\/uploads\/2023\/05\/36cc90cf-8ac3-4dc6-986d-dcce78d95b89-300x197.jpg 300w, https:\/\/retribute.iesazorin.com\/wp-content\/uploads\/2023\/05\/36cc90cf-8ac3-4dc6-986d-dcce78d95b89.jpg 1702w\" sizes=\"(max-width: 1024px) 100vw, 1024px\" \/><\/figure>\n<\/figure>\n","protected":false},"excerpt":{"rendered":"<p>We emerged from the tunnel, having exerted effort without glimpsing a hint of light to fuel our motivation. These have been challenging times for any collaborative task, even more so when distance has come between those of us who were meant to carry it out. With changes forced by circumstances, &#8230; <a class=\"continue-reading-link\" href=\"https:\/\/retribute.iesazorin.com\/index.php\/petrer-april-2022\/\"> Continue reading<\/a><\/p>\n","protected":false},"author":1,"featured_media":0,"parent":0,"menu_order":0,"comment_status":"closed","ping_status":"closed","template":"","meta":[],"_links":{"self":[{"href":"https:\/\/retribute.iesazorin.com\/index.php\/wp-json\/wp\/v2\/pages\/241"}],"collection":[{"href":"https:\/\/retribute.iesazorin.com\/index.php\/wp-json\/wp\/v2\/pages"}],"about":[{"href":"https:\/\/retribute.iesazorin.com\/index.php\/wp-json\/wp\/v2\/types\/page"}],"author":[{"embeddable":true,"href":"https:\/\/retribute.iesazorin.com\/index.php\/wp-json\/wp\/v2\/users\/1"}],"replies":[{"embeddable":true,"href":"https:\/\/retribute.iesazorin.com\/index.php\/wp-json\/wp\/v2\/comments?post=241"}],"version-history":[{"count":3,"href":"https:\/\/retribute.iesazorin.com\/index.php\/wp-json\/wp\/v2\/pages\/241\/revisions"}],"predecessor-version":[{"id":274,"href":"https:\/\/retribute.iesazorin.com\/index.php\/wp-json\/wp\/v2\/pages\/241\/revisions\/274"}],"wp:attachment":[{"href":"https:\/\/retribute.iesazorin.com\/index.php\/wp-json\/wp\/v2\/media?parent=241"}],"curies":[{"name":"wp","href":"https:\/\/api.w.org\/{rel}","templated":true}]}}