{"id":21,"date":"2023-05-09T17:46:09","date_gmt":"2023-05-09T17:46:09","guid":{"rendered":"https:\/\/retribute.iesazorin.com\/?page_id=21"},"modified":"2023-05-24T15:37:31","modified_gmt":"2023-05-24T15:37:31","slug":"partners","status":"publish","type":"page","link":"https:\/\/retribute.iesazorin.com\/index.php\/partners\/","title":{"rendered":"Partners"},"content":{"rendered":"\n<h2 class=\"wp-block-heading\">Egri P\u00e1sztorv\u00f6lgyi \u00c1ltal\u00e1nos Iskola \u00e9s Gimn\u00e1zium<\/h2>\n\n\n\n<p>P\u00e1sztorv\u00f6lgyi Primary and Secondary Grammar School of Eger<\/p>\n\n\n\n<div class=\"wp-block-columns is-layout-flex wp-container-3\">\n<div class=\"wp-block-column is-layout-flow\">\n<figure class=\"wp-block-image size-full is-resized\"><img decoding=\"async\" loading=\"lazy\" src=\"https:\/\/retribute.iesazorin.com\/wp-content\/uploads\/2023\/05\/egri-1.jpg\" alt=\"\" class=\"wp-image-189\" width=\"432\" height=\"421\" srcset=\"https:\/\/retribute.iesazorin.com\/wp-content\/uploads\/2023\/05\/egri-1.jpg 410w, https:\/\/retribute.iesazorin.com\/wp-content\/uploads\/2023\/05\/egri-1-300x293.jpg 300w, https:\/\/retribute.iesazorin.com\/wp-content\/uploads\/2023\/05\/egri-1-359x350.jpg 359w, https:\/\/retribute.iesazorin.com\/wp-content\/uploads\/2023\/05\/egri-1-150x146.jpg 150w\" sizes=\"(max-width: 432px) 100vw, 432px\" \/><\/figure>\n<\/div>\n\n\n\n<div class=\"wp-block-column is-layout-flow\">\n<iframe src=\"https:\/\/www.google.com\/maps\/embed?pb=!1m18!1m12!1m3!1d2672.7888059825523!2d20.358533875878347!3d47.9404687712224!2m3!1f0!2f0!3f0!3m2!1i1024!2i768!4f13.1!3m3!1m2!1s0x47408c2a5fd59e33%3A0x964cb861ac930652!2sEgri%20P%C3%A1sztorv%C3%B6lgyi%20Primary%20and%20Secondary%20School!5e0!3m2!1ses!2ses!4v1684941595714!5m2!1ses!2ses\" width=\"600\" height=\"450\" style=\"border:0;\" allowfullscreen=\"\" loading=\"lazy\" referrerpolicy=\"no-referrer-when-downgrade\"><\/iframe>\n<\/div>\n<\/div>\n\n\n\n<h3 class=\"wp-block-heading\">School info:<\/h3>\n\n\n\n<div class=\"wp-block-group is-vertical is-layout-flex wp-container-4\">\n<p>Eger, P\u00e1sztorv\u00f6lgy u. 25, 3304 Hungr\u00eda<\/p>\n\n\n\n<p>+36 36 429 950<\/p>\n\n\n\n<p>kantor.zsolt@pasztorvolgyi.hu<\/p>\n<\/div>\n\n\n\n<p> <\/p>\n\n\n\n<div class=\"wp-block-group is-vertical is-layout-flex wp-container-5\">\n<h2 class=\"wp-block-heading\">IES Azor\u00edn<\/h2>\n\n\n\n<p>Secondary School of Petrer<\/p>\n<\/div>\n\n\n\n<div class=\"wp-block-columns is-layout-flex wp-container-8\">\n<div class=\"wp-block-column is-layout-flow\">\n<figure class=\"wp-block-image size-large is-resized\"><img decoding=\"async\" loading=\"lazy\" src=\"https:\/\/retribute.iesazorin.com\/wp-content\/uploads\/2023\/05\/azo-2-1024x473.jpg\" alt=\"\" class=\"wp-image-194\" width=\"435\" height=\"200\" srcset=\"https:\/\/retribute.iesazorin.com\/wp-content\/uploads\/2023\/05\/azo-2-1024x473.jpg 1024w, https:\/\/retribute.iesazorin.com\/wp-content\/uploads\/2023\/05\/azo-2-300x139.jpg 300w, https:\/\/retribute.iesazorin.com\/wp-content\/uploads\/2023\/05\/azo-2-768x355.jpg 768w, https:\/\/retribute.iesazorin.com\/wp-content\/uploads\/2023\/05\/azo-2-1536x710.jpg 1536w, https:\/\/retribute.iesazorin.com\/wp-content\/uploads\/2023\/05\/azo-2-758x350.jpg 758w, https:\/\/retribute.iesazorin.com\/wp-content\/uploads\/2023\/05\/azo-2-150x69.jpg 150w, https:\/\/retribute.iesazorin.com\/wp-content\/uploads\/2023\/05\/azo-2.jpg 2048w\" sizes=\"(max-width: 435px) 100vw, 435px\" \/><\/figure>\n<\/div>\n\n\n\n<div class=\"wp-block-column is-layout-flow\">\n<iframe src=\"https:\/\/www.google.com\/maps\/embed?pb=!1m18!1m12!1m3!1d3123.539266793798!2d-0.7756188247069168!3d38.47519677181735!2m3!1f0!2f0!3f0!3m2!1i1024!2i768!4f13.1!3m3!1m2!1s0xd63c5a29a8bf311%3A0xbebb4bfc78a86346!2sIES%20AZORIN-%20MARIANO%20BENLLUIRE!5e0!3m2!1ses!2ses!4v1684941136442!5m2!1ses!2ses\" width=\"600\" height=\"450\" style=\"border:0;\" allowfullscreen=\"\" loading=\"lazy\" referrerpolicy=\"no-referrer-when-downgrade\"><\/iframe>\n<\/div>\n<\/div>\n\n\n\n<h3 class=\"wp-block-heading\">School info:<\/h3>\n\n\n\n<p>C\/Escultor Mariano Benlliure s\/n, 03610 Petrer, Alicante (Spain)<\/p>\n\n\n\n<p>+34 966 95 72 95<\/p>\n\n\n\n<p>03005719@edu.gva.es<\/p>\n\n\n\n<p>   <\/p>\n\n\n\n<h2 class=\"wp-block-heading\">Thomas-Mann-Gymnasium<\/h2>\n\n\n\n<p>Secondary School of Berlin<\/p>\n\n\n\n<div class=\"wp-block-columns is-layout-flex wp-container-11\">\n<div class=\"wp-block-column is-layout-flow\">\n<figure class=\"wp-block-image size-full\"><img decoding=\"async\" loading=\"lazy\" width=\"410\" height=\"400\" src=\"https:\/\/retribute.iesazorin.com\/wp-content\/uploads\/2023\/05\/thomas-1.jpg\" alt=\"\" class=\"wp-image-198\" srcset=\"https:\/\/retribute.iesazorin.com\/wp-content\/uploads\/2023\/05\/thomas-1.jpg 410w, https:\/\/retribute.iesazorin.com\/wp-content\/uploads\/2023\/05\/thomas-1-300x293.jpg 300w, https:\/\/retribute.iesazorin.com\/wp-content\/uploads\/2023\/05\/thomas-1-359x350.jpg 359w, https:\/\/retribute.iesazorin.com\/wp-content\/uploads\/2023\/05\/thomas-1-150x146.jpg 150w\" sizes=\"(max-width: 410px) 100vw, 410px\" \/><\/figure>\n<\/div>\n\n\n\n<div class=\"wp-block-column is-layout-flow\">\n<iframe src=\"https:\/\/www.google.com\/maps\/embed?pb=!1m18!1m12!1m3!1d2423.393796471254!2d13.349418776202162!3d52.59865247208192!2m3!1f0!2f0!3f0!3m2!1i1024!2i768!4f13.1!3m3!1m2!1s0x47a8530cb2afb657%3A0x611ce3cddc1fd629!2sK%C3%B6nigshorster%20Str.%2010%2C%2013439%20Berlin%2C%20Alemania!5e0!3m2!1ses!2ses!4v1684942412610!5m2!1ses!2ses\" width=\"600\" height=\"450\" style=\"border:0;\" allowfullscreen=\"\" loading=\"lazy\" referrerpolicy=\"no-referrer-when-downgrade\"><\/iframe>\n<\/div>\n<\/div>\n\n\n\n<h3 class=\"wp-block-heading\">School info:<\/h3>\n\n\n\n<p>K\u00f6nigshorster Str. 10, 13439 Berlin, Germany<\/p>\n\n\n\n<p>+49 30 414763670<\/p>\n\n\n\n<p>sekretariat@tmgberlin.de<\/p>\n","protected":false},"excerpt":{"rendered":"<p>Egri P\u00e1sztorv\u00f6lgyi \u00c1ltal\u00e1nos Iskola \u00e9s Gimn\u00e1zium P\u00e1sztorv\u00f6lgyi Primary and Secondary Grammar School of Eger School info: Eger, P\u00e1sztorv\u00f6lgy u. 25, 3304 Hungr\u00eda +36 36 429 950 kantor.zsolt@pasztorvolgyi.hu IES Azor\u00edn Secondary School of Petrer School info: C\/Escultor Mariano Benlliure s\/n, 03610 Petrer, Alicante (Spain) +34 966 95 72 95 03005719@edu.gva.es Thomas-Mann-Gymnasium &#8230; <a class=\"continue-reading-link\" href=\"https:\/\/retribute.iesazorin.com\/index.php\/partners\/\"> Continue reading<\/a><\/p>\n","protected":false},"author":1,"featured_media":0,"parent":0,"menu_order":0,"comment_status":"closed","ping_status":"closed","template":"","meta":[],"_links":{"self":[{"href":"https:\/\/retribute.iesazorin.com\/index.php\/wp-json\/wp\/v2\/pages\/21"}],"collection":[{"href":"https:\/\/retribute.iesazorin.com\/index.php\/wp-json\/wp\/v2\/pages"}],"about":[{"href":"https:\/\/retribute.iesazorin.com\/index.php\/wp-json\/wp\/v2\/types\/page"}],"author":[{"embeddable":true,"href":"https:\/\/retribute.iesazorin.com\/index.php\/wp-json\/wp\/v2\/users\/1"}],"replies":[{"embeddable":true,"href":"https:\/\/retribute.iesazorin.com\/index.php\/wp-json\/wp\/v2\/comments?post=21"}],"version-history":[{"count":22,"href":"https:\/\/retribute.iesazorin.com\/index.php\/wp-json\/wp\/v2\/pages\/21\/revisions"}],"predecessor-version":[{"id":201,"href":"https:\/\/retribute.iesazorin.com\/index.php\/wp-json\/wp\/v2\/pages\/21\/revisions\/201"}],"wp:attachment":[{"href":"https:\/\/retribute.iesazorin.com\/index.php\/wp-json\/wp\/v2\/media?parent=21"}],"curies":[{"name":"wp","href":"https:\/\/api.w.org\/{rel}","templated":true}]}}